{"id":2530,"date":"2023-12-21T16:44:45","date_gmt":"2023-12-21T15:44:45","guid":{"rendered":"https:\/\/rapo.nl\/plantas-de-fresa\/limalexia\/"},"modified":"2024-05-07T15:36:17","modified_gmt":"2024-05-07T14:36:17","slug":"limalexia","status":"publish","type":"page","link":"https:\/\/rapo.nl\/es\/plantas-de-fresa\/limalexia\/","title":{"rendered":"Limalexia"},"content":{"rendered":"<p>[et_pb_section fb_built=\u00bb1&#8243; admin_label=\u00bbsection\u00bb _builder_version=\u00bb4.23.1&#8243; background_color=\u00bbRGBA(255,255,255,0)\u00bb custom_margin=\u00bb||||true|false\u00bb custom_padding=\u00bb0px||0px||true|false\u00bb locked=\u00bboff\u00bb global_colors_info=\u00bb{}\u00bb][et_pb_row column_structure=\u00bb3_5,2_5&#8243; use_custom_gutter=\u00bbon\u00bb gutter_width=\u00bb2&#8243; make_equal=\u00bbon\u00bb module_class=\u00bbimage_aardbei\u00bb _builder_version=\u00bb4.23.1&#8243; _module_preset=\u00bbdefault\u00bb background_enable_image=\u00bboff\u00bb width=\u00bb100%\u00bb max_width=\u00bb100%\u00bb min_height=\u00bb60vh\u00bb custom_margin=\u00bb0px|0px|0px|0px|false|false\u00bb custom_padding=\u00bb0px|0px|0px|0px|true|false\u00bb global_colors_info=\u00bb{}\u00bb][et_pb_column type=\u00bb3_5&#8243; _builder_version=\u00bb4.23.1&#8243; _module_preset=\u00bbdefault\u00bb background_image=\u00bbhttps:\/\/rapo.nl\/wp-content\/uploads\/2023\/12\/Limalexia-uitsnede.jpg\u00bb custom_padding_tablet=\u00bb\u00bb custom_padding_phone=\u00bb130px||130px||true|false\u00bb custom_padding_last_edited=\u00bbon|phone\u00bb global_colors_info=\u00bb{}\u00bb][et_pb_code _builder_version=\u00bb4.23.1&#8243; _module_preset=\u00bbdefault\u00bb global_colors_info=\u00bb{}\u00bb][\/et_pb_code][\/et_pb_column][et_pb_column type=\u00bb2_5&#8243; _builder_version=\u00bb4.23.1&#8243; _module_preset=\u00bbdefault\u00bb custom_padding_tablet=\u00bb\u00bb custom_padding_phone=\u00bb|20px||20px|false|true\u00bb custom_padding_last_edited=\u00bbon|phone\u00bb global_colors_info=\u00bb{}\u00bb][et_pb_text _builder_version=\u00bb4.23.1&#8243; _module_preset=\u00bbdefault\u00bb text_line_height=\u00bb1.2em\u00bb header_text_color=\u00bb#2B8928&#8243; header_font_size=\u00bb55px\u00bb header_2_font=\u00bb|300|||||||\u00bb header_2_font_size=\u00bb50px\u00bb custom_margin=\u00bb50px||50px||true|false\u00bb custom_padding=\u00bb0px||0px||true|false\u00bb custom_css_free_form=\u00bbh1, h2 {||  display: inline;||}\u00bb global_colors_info=\u00bb{}\u00bb]<\/p>\n<h1>Limalexia<\/h1>\n<p>[\/et_pb_text][et_pb_text _builder_version=\u00bb4.23.1&#8243; _module_preset=\u00bbdefault\u00bb text_font=\u00bb||||||||\u00bb text_text_color=\u00bb#0E430C\u00bb text_font_size=\u00bb15px\u00bb ul_font=\u00bb||||||||\u00bb ul_text_color=\u00bb#000000&#8243; header_font=\u00bb||||||||\u00bb header_5_font=\u00bb|800|||||||\u00bb header_5_text_align=\u00bbcenter\u00bb header_5_text_color=\u00bb#0E430C\u00bb header_5_font_size=\u00bb21px\u00bb global_colors_info=\u00bb{}\u00bb]<\/p>\n<h5 style=\"text-align: left;\"><strong>Planta<\/strong><\/h5>\n<ul>\n<li>\n<p>Muy fuerte<\/p>\n<\/li>\n<li>\n<p><span style=\"font-size: 15px;\">Resistente a la lluvia<\/span><\/p>\n<\/li>\n<li>\n<p><span style=\"font-size: 15px;\"><\/span><span style=\"font-size: 15px;\">Absorbe f\u00e1cilmente el azufre<\/span><\/p>\n<\/li>\n<li>\n<p><span style=\"font-size: 15px;\"><\/span><span style=\"font-size: 15px;\">Alta rentabilidad gracias a la gran cantidad de flores por racimo<\/span><\/p>\n<\/li>\n<li>\n<p><span style=\"font-size: 15px;\"><\/span><span style=\"font-size: 15px;\">M\u00e1xima producci\u00f3n en junio, unos d\u00edas despu\u00e9s de Elsanta<\/span><\/p>\n<\/li>\n<\/ul>\n<h5 style=\"text-align: left;\"><strong>Fruta<\/strong><\/h5>\n<ul>\n<li>\n<p>Alta rentabilidad de fruta de primera clase con un buen sabor<\/p>\n<\/li>\n<li>\n<p>Tama\u00f1o de los frutos constante<\/p>\n<\/li>\n<li>\n<p>Textura agradable<\/p>\n<\/li>\n<li>\n<p>Fresas color rojo claro y rojo<\/p>\n<\/li>\n<li>\n<p>Buena conservaci\u00f3n<\/p>\n<\/li>\n<\/ul>\n<p>&nbsp;<\/p>\n<p>[\/et_pb_text][et_pb_text _builder_version=\u00bb4.23.1&#8243; _module_preset=\u00bbdefault\u00bb text_font=\u00bb||||on|||#8C8C8C|\u00bb text_text_color=\u00bb#8c8c8c\u00bb text_font_size=\u00bb17px\u00bb link_option_url=\u00bbhttps:\/\/rapo.nl\/es\/plantas-de-fresa\/#middentijds\u00bb hover_enabled=\u00bb0&#8243; global_colors_info=\u00bb{}\u00bb sticky_enabled=\u00bb0&#8243;]<\/p>\n<p>&lt; Vuelve a la lista<\/p>\n<p>[\/et_pb_text][dipi_price_list _builder_version=\u00bb4.23.1&#8243; _module_preset=\u00bbdefault\u00bb global_colors_info=\u00bb{}\u00bb][\/dipi_price_list][\/et_pb_column][\/et_pb_row][\/et_pb_section][et_pb_section fb_built=\u00bb1&#8243; _builder_version=\u00bb4.23.1&#8243; _module_preset=\u00bbdefault\u00bb background_color=\u00bb#E4F2DE\u00bb custom_padding=\u00bb15px||15px||true|false\u00bb global_colors_info=\u00bb{}\u00bb][et_pb_row _builder_version=\u00bb4.23.1&#8243; _module_preset=\u00bbdefault\u00bb custom_margin=\u00bb||0px||false|false\u00bb custom_padding=\u00bb||0px||false|false\u00bb global_colors_info=\u00bb{}\u00bb][et_pb_column type=\u00bb4_4&#8243; _builder_version=\u00bb4.23.1&#8243; _module_preset=\u00bbdefault\u00bb global_colors_info=\u00bb{}\u00bb][et_pb_text _builder_version=\u00bb4.23.1&#8243; _module_preset=\u00bbdefault\u00bb header_3_text_align=\u00bbcenter\u00bb header_3_text_color=\u00bb#0E430C\u00bb text_orientation=\u00bbcenter\u00bb custom_margin=\u00bb0px||0px||true|false\u00bb custom_padding=\u00bb0px||0px||true|false\u00bb global_colors_info=\u00bb{}\u00bb]<\/p>\n<h3 style=\"text-align: center;\">\u00bfM\u00e1s informaci\u00f3n? \u00a1Cont\u00e1ctenos!<\/h3>\n<p>[\/et_pb_text][et_pb_icon font_icon=\u00bb&#x33;||divi||400&#8243; icon_color=\u00bb#0E430C\u00bb icon_width=\u00bb57px\u00bb _builder_version=\u00bb4.23.1&#8243; _module_preset=\u00bbdefault\u00bb custom_margin=\u00bb0px||0px||true|false\u00bb custom_padding=\u00bb0px||0px||true|false\u00bb animation_style=\u00bbslide\u00bb animation_direction=\u00bbtop\u00bb animation_duration=\u00bb1950ms\u00bb animation_intensity_slide=\u00bb6%\u00bb animation_starting_opacity=\u00bb100%\u00bb animation_speed_curve=\u00bblinear\u00bb animation_repeat=\u00bbloop\u00bb global_colors_info=\u00bb{}\u00bb][\/et_pb_icon][\/et_pb_column][\/et_pb_row][\/et_pb_section]<\/p>\n","protected":false},"excerpt":{"rendered":"<p>LimalexiaPlanta Muy fuerte Resistente a la lluvia Absorbe f\u00e1cilmente el azufre Alta rentabilidad gracias a la gran cantidad de flores por racimo M\u00e1xima producci\u00f3n en junio, unos d\u00edas despu\u00e9s de Elsanta Fruta Alta rentabilidad de fruta de primera clase con un buen sabor Tama\u00f1o de los frutos constante Textura agradable Fresas color rojo claro y [&hellip;]<\/p>\n","protected":false},"author":1,"featured_media":1644,"parent":2396,"menu_order":0,"comment_status":"closed","ping_status":"closed","template":"","meta":{"_et_pb_use_builder":"on","_et_pb_old_content":"","_et_gb_content_width":"","_monsterinsights_skip_tracking":false,"_monsterinsights_sitenote_active":false,"_monsterinsights_sitenote_note":"","_monsterinsights_sitenote_category":0,"footnotes":""},"categories":[56],"tags":[],"dipi_cpt_category":[],"class_list":["post-2530","page","type-page","status-publish","has-post-thumbnail","hentry","category-intermedia"],"_links":{"self":[{"href":"https:\/\/rapo.nl\/es\/wp-json\/wp\/v2\/pages\/2530","targetHints":{"allow":["GET"]}}],"collection":[{"href":"https:\/\/rapo.nl\/es\/wp-json\/wp\/v2\/pages"}],"about":[{"href":"https:\/\/rapo.nl\/es\/wp-json\/wp\/v2\/types\/page"}],"author":[{"embeddable":true,"href":"https:\/\/rapo.nl\/es\/wp-json\/wp\/v2\/users\/1"}],"replies":[{"embeddable":true,"href":"https:\/\/rapo.nl\/es\/wp-json\/wp\/v2\/comments?post=2530"}],"version-history":[{"count":3,"href":"https:\/\/rapo.nl\/es\/wp-json\/wp\/v2\/pages\/2530\/revisions"}],"predecessor-version":[{"id":2807,"href":"https:\/\/rapo.nl\/es\/wp-json\/wp\/v2\/pages\/2530\/revisions\/2807"}],"up":[{"embeddable":true,"href":"https:\/\/rapo.nl\/es\/wp-json\/wp\/v2\/pages\/2396"}],"wp:featuredmedia":[{"embeddable":true,"href":"https:\/\/rapo.nl\/es\/wp-json\/wp\/v2\/media\/1644"}],"wp:attachment":[{"href":"https:\/\/rapo.nl\/es\/wp-json\/wp\/v2\/media?parent=2530"}],"wp:term":[{"taxonomy":"category","embeddable":true,"href":"https:\/\/rapo.nl\/es\/wp-json\/wp\/v2\/categories?post=2530"},{"taxonomy":"post_tag","embeddable":true,"href":"https:\/\/rapo.nl\/es\/wp-json\/wp\/v2\/tags?post=2530"},{"taxonomy":"dipi_cpt_category","embeddable":true,"href":"https:\/\/rapo.nl\/es\/wp-json\/wp\/v2\/dipi_cpt_category?post=2530"}],"curies":[{"name":"wp","href":"https:\/\/api.w.org\/{rel}","templated":true}]}}