{"id":2503,"date":"2023-12-20T21:07:50","date_gmt":"2023-12-20T20:07:50","guid":{"rendered":"https:\/\/rapo.nl\/plantas-de-fresa\/elegance\/"},"modified":"2024-05-02T15:15:55","modified_gmt":"2024-05-02T14:15:55","slug":"elegance","status":"publish","type":"page","link":"https:\/\/rapo.nl\/es\/plantas-de-fresa\/elegance\/","title":{"rendered":"Elegance"},"content":{"rendered":"<p>[et_pb_section fb_built=\u00bb1&#8243; admin_label=\u00bbsection\u00bb _builder_version=\u00bb4.23.1&#8243; background_color=\u00bbRGBA(255,255,255,0)\u00bb custom_margin=\u00bb||||true|false\u00bb custom_padding=\u00bb0px||0px||true|false\u00bb locked=\u00bboff\u00bb global_colors_info=\u00bb{}\u00bb][et_pb_row column_structure=\u00bb3_5,2_5&#8243; use_custom_gutter=\u00bbon\u00bb gutter_width=\u00bb2&#8243; make_equal=\u00bbon\u00bb module_class=\u00bbimage_aardbei\u00bb _builder_version=\u00bb4.23.1&#8243; _module_preset=\u00bbdefault\u00bb background_enable_image=\u00bboff\u00bb width=\u00bb100%\u00bb max_width=\u00bb100%\u00bb min_height=\u00bb60vh\u00bb custom_margin=\u00bb0px|0px|0px|0px|false|false\u00bb custom_padding=\u00bb0px|0px|0px|0px|true|false\u00bb hover_enabled=\u00bb0&#8243; global_colors_info=\u00bb{}\u00bb sticky_enabled=\u00bb0&#8243;][et_pb_column type=\u00bb3_5&#8243; _builder_version=\u00bb4.23.1&#8243; _module_preset=\u00bbdefault\u00bb background_image=\u00bbhttps:\/\/rapo.nl\/wp-content\/uploads\/2023\/12\/Elegance-uitsnede.jpg\u00bb custom_padding_tablet=\u00bb\u00bb custom_padding_phone=\u00bb130px||130px||true|false\u00bb custom_padding_last_edited=\u00bbon|phone\u00bb hover_enabled=\u00bb0&#8243; global_colors_info=\u00bb{}\u00bb title_text=\u00bbElegance uitsnede\u00bb sticky_enabled=\u00bb0&#8243;][et_pb_code _builder_version=\u00bb4.23.1&#8243; _module_preset=\u00bbdefault\u00bb global_colors_info=\u00bb{}\u00bb][\/et_pb_code][\/et_pb_column][et_pb_column type=\u00bb2_5&#8243; _builder_version=\u00bb4.23.1&#8243; _module_preset=\u00bbdefault\u00bb custom_padding_tablet=\u00bb\u00bb custom_padding_phone=\u00bb|20px||20px|false|true\u00bb custom_padding_last_edited=\u00bbon|phone\u00bb global_colors_info=\u00bb{}\u00bb][et_pb_text _builder_version=\u00bb4.23.1&#8243; _module_preset=\u00bbdefault\u00bb text_line_height=\u00bb1.2em\u00bb header_text_color=\u00bb#2B8928&#8243; header_font_size=\u00bb55px\u00bb header_2_font=\u00bb|300|||||||\u00bb header_2_font_size=\u00bb50px\u00bb custom_margin=\u00bb50px||50px||true|false\u00bb custom_padding=\u00bb0px||0px||true|false\u00bb custom_css_free_form=\u00bbh1, h2 {||  display: inline;||}\u00bb global_colors_info=\u00bb{}\u00bb]<\/p>\n<h1>Elegance<\/h1>\n<p>[\/et_pb_text][et_pb_text _builder_version=\u00bb4.23.1&#8243; _module_preset=\u00bbdefault\u00bb text_font=\u00bb||||||||\u00bb text_text_color=\u00bb#0E430C\u00bb text_font_size=\u00bb15px\u00bb ul_font=\u00bb||||||||\u00bb ul_text_color=\u00bb#000000&#8243; header_font=\u00bb||||||||\u00bb header_5_font=\u00bb|800|||||||\u00bb header_5_text_align=\u00bbcenter\u00bb header_5_text_color=\u00bb#0E430C\u00bb header_5_font_size=\u00bb21px\u00bb global_colors_info=\u00bb{}\u00bb]<\/p>\n<h5 style=\"text-align: left;\"><strong>Planta<\/strong><\/h5>\n<ul>\n<li>Variedad tard\u00eda, 3-5 d\u00edas despu\u00e9s de Elsanta<\/li>\n<li>Tiempo de recolecci\u00f3n m\u00e1s largo que Elsanta (ca 2 semanas m\u00e1s largo)<\/li>\n<li>Buena resistencia a la lluvia<\/li>\n<li>Resistencia moderada contra Verticillium dahliae Susceptible al mildi\u00fa Sensible al moho.<\/li>\n<\/ul>\n<h5 style=\"text-align: left;\"><strong>Fruta<\/strong><\/h5>\n<ul>\n<li>Frutos atractivos y brillantes, forma c\u00f3nica y uniforme<\/li>\n<li>Los frutos grandes reducen los costes de recolecci\u00f3n<\/li>\n<li>Buena conservaci\u00f3n<\/li>\n<\/ul>\n<p>&nbsp;<\/p>\n<p>[\/et_pb_text][et_pb_text _builder_version=\u00bb4.23.1&#8243; _module_preset=\u00bbdefault\u00bb text_font=\u00bb||||on|||#8C8C8C|\u00bb text_text_color=\u00bb#8c8c8c\u00bb text_font_size=\u00bb17px\u00bb link_option_url=\u00bbhttps:\/\/rapo.nl\/es\/plantas-de-fresa\/#low-chill\u00bb global_colors_info=\u00bb{}\u00bb]<\/p>\n<p>&lt; Vuelve a la lista<\/p>\n<p>[\/et_pb_text][dipi_price_list _builder_version=\u00bb4.23.1&#8243; _module_preset=\u00bbdefault\u00bb global_colors_info=\u00bb{}\u00bb][\/dipi_price_list][\/et_pb_column][\/et_pb_row][\/et_pb_section][et_pb_section fb_built=\u00bb1&#8243; _builder_version=\u00bb4.23.1&#8243; _module_preset=\u00bbdefault\u00bb background_color=\u00bb#E4F2DE\u00bb custom_padding=\u00bb15px||15px||true|false\u00bb global_colors_info=\u00bb{}\u00bb][et_pb_row _builder_version=\u00bb4.23.1&#8243; _module_preset=\u00bbdefault\u00bb custom_margin=\u00bb||0px||false|false\u00bb custom_padding=\u00bb||0px||false|false\u00bb global_colors_info=\u00bb{}\u00bb][et_pb_column type=\u00bb4_4&#8243; _builder_version=\u00bb4.23.1&#8243; _module_preset=\u00bbdefault\u00bb global_colors_info=\u00bb{}\u00bb][et_pb_text _builder_version=\u00bb4.23.1&#8243; _module_preset=\u00bbdefault\u00bb header_3_text_align=\u00bbcenter\u00bb header_3_text_color=\u00bb#0E430C\u00bb text_orientation=\u00bbcenter\u00bb custom_margin=\u00bb0px||0px||true|false\u00bb custom_padding=\u00bb0px||0px||true|false\u00bb global_colors_info=\u00bb{}\u00bb]<\/p>\n<h3 style=\"text-align: center;\">\u00a1Cont\u00e1ctenos! <\/h3>\n<p>[\/et_pb_text][et_pb_icon font_icon=\u00bb&#x33;||divi||400&#8243; icon_color=\u00bb#0E430C\u00bb icon_width=\u00bb57px\u00bb _builder_version=\u00bb4.23.1&#8243; _module_preset=\u00bbdefault\u00bb custom_margin=\u00bb0px||0px||true|false\u00bb custom_padding=\u00bb0px||0px||true|false\u00bb animation_style=\u00bbslide\u00bb animation_direction=\u00bbtop\u00bb animation_duration=\u00bb1950ms\u00bb animation_intensity_slide=\u00bb6%\u00bb animation_starting_opacity=\u00bb100%\u00bb animation_speed_curve=\u00bblinear\u00bb animation_repeat=\u00bbloop\u00bb global_colors_info=\u00bb{}\u00bb][\/et_pb_icon][\/et_pb_column][\/et_pb_row][\/et_pb_section]<\/p>\n","protected":false},"excerpt":{"rendered":"<p>ElegancePlanta Variedad tard\u00eda, 3-5 d\u00edas despu\u00e9s de Elsanta Tiempo de recolecci\u00f3n m\u00e1s largo que Elsanta (ca 2 semanas m\u00e1s largo) Buena resistencia a la lluvia Resistencia moderada contra Verticillium dahliae Susceptible al mildi\u00fa Sensible al moho. Fruta Frutos atractivos y brillantes, forma c\u00f3nica y uniforme Los frutos grandes reducen los costes de recolecci\u00f3n Buena conservaci\u00f3n [&hellip;]<\/p>\n","protected":false},"author":1,"featured_media":1584,"parent":2396,"menu_order":0,"comment_status":"closed","ping_status":"closed","template":"","meta":{"_et_pb_use_builder":"on","_et_pb_old_content":"","_et_gb_content_width":"","_monsterinsights_skip_tracking":false,"_monsterinsights_sitenote_active":false,"_monsterinsights_sitenote_note":"","_monsterinsights_sitenote_category":0,"footnotes":""},"categories":[56],"tags":[],"dipi_cpt_category":[57],"class_list":["post-2503","page","type-page","status-publish","has-post-thumbnail","hentry","category-intermedia","dipi_cpt_category-intermedia"],"_links":{"self":[{"href":"https:\/\/rapo.nl\/es\/wp-json\/wp\/v2\/pages\/2503","targetHints":{"allow":["GET"]}}],"collection":[{"href":"https:\/\/rapo.nl\/es\/wp-json\/wp\/v2\/pages"}],"about":[{"href":"https:\/\/rapo.nl\/es\/wp-json\/wp\/v2\/types\/page"}],"author":[{"embeddable":true,"href":"https:\/\/rapo.nl\/es\/wp-json\/wp\/v2\/users\/1"}],"replies":[{"embeddable":true,"href":"https:\/\/rapo.nl\/es\/wp-json\/wp\/v2\/comments?post=2503"}],"version-history":[{"count":11,"href":"https:\/\/rapo.nl\/es\/wp-json\/wp\/v2\/pages\/2503\/revisions"}],"predecessor-version":[{"id":2619,"href":"https:\/\/rapo.nl\/es\/wp-json\/wp\/v2\/pages\/2503\/revisions\/2619"}],"up":[{"embeddable":true,"href":"https:\/\/rapo.nl\/es\/wp-json\/wp\/v2\/pages\/2396"}],"wp:featuredmedia":[{"embeddable":true,"href":"https:\/\/rapo.nl\/es\/wp-json\/wp\/v2\/media\/1584"}],"wp:attachment":[{"href":"https:\/\/rapo.nl\/es\/wp-json\/wp\/v2\/media?parent=2503"}],"wp:term":[{"taxonomy":"category","embeddable":true,"href":"https:\/\/rapo.nl\/es\/wp-json\/wp\/v2\/categories?post=2503"},{"taxonomy":"post_tag","embeddable":true,"href":"https:\/\/rapo.nl\/es\/wp-json\/wp\/v2\/tags?post=2503"},{"taxonomy":"dipi_cpt_category","embeddable":true,"href":"https:\/\/rapo.nl\/es\/wp-json\/wp\/v2\/dipi_cpt_category?post=2503"}],"curies":[{"name":"wp","href":"https:\/\/api.w.org\/{rel}","templated":true}]}}