{"id":3464,"date":"2025-08-13T15:25:48","date_gmt":"2025-08-13T14:25:48","guid":{"rendered":"https:\/\/rapo.nl\/erdbeerpflanzen\/hademar\/"},"modified":"2025-08-19T15:49:31","modified_gmt":"2025-08-19T14:49:31","slug":"hademar","status":"publish","type":"page","link":"https:\/\/rapo.nl\/de\/erdbeerpflanzen\/hademar\/","title":{"rendered":"Hademar"},"content":{"rendered":"<p>[et_pb_section fb_built=&#8220;1&#8243; admin_label=&#8220;section&#8220; _builder_version=&#8220;4.23.1&#8243; background_color=&#8220;RGBA(255,255,255,0)&#8220; custom_margin=&#8220;||||true|false&#8220; custom_padding=&#8220;0px||0px||true|false&#8220; locked=&#8220;off&#8220; global_colors_info=&#8220;{}&#8220;][et_pb_row column_structure=&#8220;3_5,2_5&#8243; use_custom_gutter=&#8220;on&#8220; gutter_width=&#8220;2&#8243; make_equal=&#8220;on&#8220; module_class=&#8220;image_aardbei&#8220; _builder_version=&#8220;4.23.1&#8243; _module_preset=&#8220;default&#8220; background_enable_image=&#8220;off&#8220; width=&#8220;100%&#8220; max_width=&#8220;100%&#8220; min_height=&#8220;60vh&#8220; custom_margin=&#8220;0px|0px|0px|0px|false|false&#8220; custom_padding=&#8220;0px|0px|0px|0px|true|false&#8220; global_colors_info=&#8220;{}&#8220;][et_pb_column type=&#8220;3_5&#8243; _builder_version=&#8220;4.23.1&#8243; _module_preset=&#8220;default&#8220; background_image=&#8220;https:\/\/rapo.nl\/wp-content\/uploads\/2025\/08\/Hademar-volume-final.jpeg&#8220; custom_padding_tablet=&#8220;&#8220; custom_padding_phone=&#8220;130px||130px||true|false&#8220; custom_padding_last_edited=&#8220;on|phone&#8220; global_colors_info=&#8220;{}&#8220;][et_pb_code _builder_version=&#8220;4.23.1&#8243; _module_preset=&#8220;default&#8220; background_image=&#8220;https:\/\/rapo.nl\/wp-content\/uploads\/2025\/08\/Hademar-volume-final.jpeg&#8220; global_colors_info=&#8220;{}&#8220;][\/et_pb_code][\/et_pb_column][et_pb_column type=&#8220;2_5&#8243; _builder_version=&#8220;4.23.1&#8243; _module_preset=&#8220;default&#8220; custom_padding_tablet=&#8220;&#8220; custom_padding_phone=&#8220;|20px||20px|false|true&#8220; custom_padding_last_edited=&#8220;on|phone&#8220; global_colors_info=&#8220;{}&#8220;][et_pb_text admin_label=&#8220;Text&#8220; _builder_version=&#8220;4.23.1&#8243; _module_preset=&#8220;default&#8220; text_line_height=&#8220;1.2em&#8220; header_text_color=&#8220;#2B8928&#8243; header_font_size=&#8220;55px&#8220; header_2_font=&#8220;|300|||||||&#8220; header_2_font_size=&#8220;50px&#8220; custom_margin=&#8220;50px||50px||true|false&#8220; custom_padding=&#8220;0px||0px||true|false&#8220; custom_css_free_form=&#8220;h1, h2 {||  display: inline;||}&#8220; global_colors_info=&#8220;{}&#8220;]<\/p>\n<h1>Hademar<\/h1>\n<p>[\/et_pb_text][et_pb_text _builder_version=&#8220;4.23.1&#8243; _module_preset=&#8220;default&#8220; text_font=&#8220;||||||||&#8220; text_text_color=&#8220;#0E430C&#8220; text_font_size=&#8220;15px&#8220; ul_font=&#8220;||||||||&#8220; ul_text_color=&#8220;#000000&#8243; header_font=&#8220;||||||||&#8220; header_5_font=&#8220;|800|||||||&#8220; header_5_text_align=&#8220;center&#8220; header_5_text_color=&#8220;#0E430C&#8220; header_5_font_size=&#8220;21px&#8220; global_colors_info=&#8220;{}&#8220;]<\/p>\n<h5 style=\"text-align: left;\"><strong>Pflanze<\/strong><\/h5>\n<ul>\n<li>Immertragende Sorte<\/li>\n<li>Produziert st\u00e4ndig neue Bl\u00fcten und Fr\u00fcchte, kommt nicht schnell zum <br \/>Stillstand.<\/li>\n<li>Die Bl\u00fctenst\u00e4nde sind lang und ragen \u00fcber das Laub hinaus<\/li>\n<li>Blattschnitt kaum erforderlich<\/li>\n<li>Stabil bei Wurzelkrankheiten und Mehltau<\/li>\n<\/ul>\n<h5 style=\"text-align: left;\"><strong>Frucht<\/strong><\/h5>\n<ul>\n<li>Gro\u00dfe Fruchtgr\u00f6\u00dfe<\/li>\n<li>Die Frucht hat einen sch\u00f6nen Glanz, auch nach der Lagerung<\/li>\n<li>Der Geschmack der Erdbeeren ist fruchtig s\u00fc\u00df<\/li>\n<li>Wenig empfindlich f\u00fcr Druckstellen<\/li>\n<li>Hoher Anteil an Fr\u00fcchten der Klasse 1<\/li>\n<\/ul>\n<p>[\/et_pb_text][et_pb_text _builder_version=&#8220;4.23.1&#8243; _module_preset=&#8220;default&#8220; text_font=&#8220;||||on|||#8C8C8C|&#8220; text_text_color=&#8220;#8c8c8c&#8220; text_font_size=&#8220;17px&#8220; link_option_url=&#8220;https:\/\/rapo.nl\/de\/erdbeerpflanzen\/#low-chill&#8220; global_colors_info=&#8220;{}&#8220;]<\/p>\n<p>&lt; Zur\u00fcck zur Tabellen\u00fcbersicht<\/p>\n<p>[\/et_pb_text][dipi_price_list _builder_version=&#8220;4.23.1&#8243; _module_preset=&#8220;default&#8220; global_colors_info=&#8220;{}&#8220;][\/dipi_price_list][\/et_pb_column][\/et_pb_row][\/et_pb_section][et_pb_section fb_built=&#8220;1&#8243; _builder_version=&#8220;4.23.1&#8243; _module_preset=&#8220;default&#8220; background_color=&#8220;#E4F2DE&#8220; custom_padding=&#8220;15px||15px||true|false&#8220; global_colors_info=&#8220;{}&#8220;][et_pb_row _builder_version=&#8220;4.23.1&#8243; _module_preset=&#8220;default&#8220; custom_margin=&#8220;||0px||false|false&#8220; custom_padding=&#8220;||0px||false|false&#8220; global_colors_info=&#8220;{}&#8220;][et_pb_column type=&#8220;4_4&#8243; _builder_version=&#8220;4.23.1&#8243; _module_preset=&#8220;default&#8220; global_colors_info=&#8220;{}&#8220;][et_pb_text _builder_version=&#8220;4.23.1&#8243; _module_preset=&#8220;default&#8220; header_3_text_align=&#8220;center&#8220; header_3_text_color=&#8220;#0E430C&#8220; text_orientation=&#8220;center&#8220; custom_margin=&#8220;0px||0px||true|false&#8220; custom_padding=&#8220;0px||0px||true|false&#8220; global_colors_info=&#8220;{}&#8220;]<\/p>\n<h3 style=\"text-align: center;\">Mehr Informationen? Kontaktiere uns!<\/h3>\n<p>[\/et_pb_text][et_pb_icon font_icon=&#8220;&#x33;||divi||400&#8243; icon_color=&#8220;#0E430C&#8220; icon_width=&#8220;57px&#8220; _builder_version=&#8220;4.23.1&#8243; _module_preset=&#8220;default&#8220; custom_margin=&#8220;0px||0px||true|false&#8220; custom_padding=&#8220;0px||0px||true|false&#8220; animation_style=&#8220;slide&#8220; animation_direction=&#8220;top&#8220; animation_duration=&#8220;1950ms&#8220; animation_intensity_slide=&#8220;6%&#8220; animation_starting_opacity=&#8220;100%&#8220; animation_speed_curve=&#8220;linear&#8220; animation_repeat=&#8220;loop&#8220; global_colors_info=&#8220;{}&#8220;][\/et_pb_icon][\/et_pb_column][\/et_pb_row][\/et_pb_section]<\/p>\n","protected":false},"excerpt":{"rendered":"<p>HademarPflanze Immertragende Sorte Produziert st\u00e4ndig neue Bl\u00fcten und Fr\u00fcchte, kommt nicht schnell zum Stillstand. Die Bl\u00fctenst\u00e4nde sind lang und ragen \u00fcber das Laub hinaus Blattschnitt kaum erforderlich Stabil bei Wurzelkrankheiten und Mehltau Frucht Gro\u00dfe Fruchtgr\u00f6\u00dfe Die Frucht hat einen sch\u00f6nen Glanz, auch nach der Lagerung Der Geschmack der Erdbeeren ist fruchtig s\u00fc\u00df Wenig empfindlich f\u00fcr [&hellip;]<\/p>\n","protected":false},"author":3,"featured_media":0,"parent":1859,"menu_order":0,"comment_status":"closed","ping_status":"closed","template":"","meta":{"_et_pb_use_builder":"on","_et_pb_old_content":"","_et_gb_content_width":"","_monsterinsights_skip_tracking":false,"_monsterinsights_sitenote_active":false,"_monsterinsights_sitenote_note":"","_monsterinsights_sitenote_category":0,"footnotes":""},"categories":[51],"tags":[],"dipi_cpt_category":[],"class_list":["post-3464","page","type-page","status-publish","hentry","category-immertrager"],"_links":{"self":[{"href":"https:\/\/rapo.nl\/de\/wp-json\/wp\/v2\/pages\/3464","targetHints":{"allow":["GET"]}}],"collection":[{"href":"https:\/\/rapo.nl\/de\/wp-json\/wp\/v2\/pages"}],"about":[{"href":"https:\/\/rapo.nl\/de\/wp-json\/wp\/v2\/types\/page"}],"author":[{"embeddable":true,"href":"https:\/\/rapo.nl\/de\/wp-json\/wp\/v2\/users\/3"}],"replies":[{"embeddable":true,"href":"https:\/\/rapo.nl\/de\/wp-json\/wp\/v2\/comments?post=3464"}],"version-history":[{"count":5,"href":"https:\/\/rapo.nl\/de\/wp-json\/wp\/v2\/pages\/3464\/revisions"}],"predecessor-version":[{"id":3469,"href":"https:\/\/rapo.nl\/de\/wp-json\/wp\/v2\/pages\/3464\/revisions\/3469"}],"up":[{"embeddable":true,"href":"https:\/\/rapo.nl\/de\/wp-json\/wp\/v2\/pages\/1859"}],"wp:attachment":[{"href":"https:\/\/rapo.nl\/de\/wp-json\/wp\/v2\/media?parent=3464"}],"wp:term":[{"taxonomy":"category","embeddable":true,"href":"https:\/\/rapo.nl\/de\/wp-json\/wp\/v2\/categories?post=3464"},{"taxonomy":"post_tag","embeddable":true,"href":"https:\/\/rapo.nl\/de\/wp-json\/wp\/v2\/tags?post=3464"},{"taxonomy":"dipi_cpt_category","embeddable":true,"href":"https:\/\/rapo.nl\/de\/wp-json\/wp\/v2\/dipi_cpt_category?post=3464"}],"curies":[{"name":"wp","href":"https:\/\/api.w.org\/{rel}","templated":true}]}}