{"id":3033,"date":"2024-08-14T15:03:44","date_gmt":"2024-08-14T14:03:44","guid":{"rendered":"https:\/\/rapo.nl\/erdbeerpflanzen\/favori\/"},"modified":"2024-08-14T15:21:46","modified_gmt":"2024-08-14T14:21:46","slug":"favori","status":"publish","type":"page","link":"https:\/\/rapo.nl\/de\/erdbeerpflanzen\/favori\/","title":{"rendered":"Favori"},"content":{"rendered":"<p>[et_pb_section fb_built=&#8220;1&#8243; admin_label=&#8220;section&#8220; _builder_version=&#8220;4.23.1&#8243; background_color=&#8220;RGBA(255,255,255,0)&#8220; custom_margin=&#8220;||||true|false&#8220; custom_padding=&#8220;0px||0px||true|false&#8220; locked=&#8220;off&#8220; global_colors_info=&#8220;{}&#8220;][et_pb_row column_structure=&#8220;3_5,2_5&#8243; use_custom_gutter=&#8220;on&#8220; gutter_width=&#8220;2&#8243; make_equal=&#8220;on&#8220; module_class=&#8220;image_aardbei&#8220; _builder_version=&#8220;4.23.1&#8243; _module_preset=&#8220;default&#8220; background_enable_image=&#8220;off&#8220; width=&#8220;100%&#8220; max_width=&#8220;100%&#8220; min_height=&#8220;60vh&#8220; custom_margin=&#8220;0px|0px|0px|0px|false|false&#8220; custom_padding=&#8220;0px|0px|0px|0px|true|false&#8220; global_colors_info=&#8220;{}&#8220;][et_pb_column type=&#8220;3_5&#8243; _builder_version=&#8220;4.23.1&#8243; _module_preset=&#8220;default&#8220; background_image=&#8220;https:\/\/rapo.nl\/wp-content\/uploads\/2024\/08\/Favori-close-up-3-1024&#215;683-1.jpg&#8220; custom_padding_tablet=&#8220;&#8220; custom_padding_phone=&#8220;130px||130px||true|false&#8220; custom_padding_last_edited=&#8220;on|phone&#8220; global_colors_info=&#8220;{}&#8220;][et_pb_code _builder_version=&#8220;4.23.1&#8243; _module_preset=&#8220;default&#8220; global_colors_info=&#8220;{}&#8220;][\/et_pb_code][\/et_pb_column][et_pb_column type=&#8220;2_5&#8243; _builder_version=&#8220;4.23.1&#8243; _module_preset=&#8220;default&#8220; custom_padding_tablet=&#8220;&#8220; custom_padding_phone=&#8220;|20px||20px|false|true&#8220; custom_padding_last_edited=&#8220;on|phone&#8220; global_colors_info=&#8220;{}&#8220;][et_pb_text admin_label=&#8220;Text&#8220; _builder_version=&#8220;4.23.1&#8243; _module_preset=&#8220;default&#8220; text_line_height=&#8220;1.2em&#8220; header_text_color=&#8220;#2B8928&#8243; header_font_size=&#8220;55px&#8220; header_2_font=&#8220;|300|||||||&#8220; header_2_font_size=&#8220;50px&#8220; custom_margin=&#8220;50px||50px||true|false&#8220; custom_padding=&#8220;0px||0px||true|false&#8220; custom_css_free_form=&#8220;h1, h2 {||  display: inline;||}&#8220; global_colors_info=&#8220;{}&#8220;]<\/p>\n<h1>Favori<\/h1>\n<p>[\/et_pb_text][et_pb_text _builder_version=&#8220;4.23.1&#8243; _module_preset=&#8220;default&#8220; text_font=&#8220;||||||||&#8220; text_text_color=&#8220;#0E430C&#8220; text_font_size=&#8220;15px&#8220; ul_font=&#8220;||||||||&#8220; ul_text_color=&#8220;#000000&#8243; header_font=&#8220;||||||||&#8220; header_5_font=&#8220;|800|||||||&#8220; header_5_text_align=&#8220;center&#8220; header_5_text_color=&#8220;#0E430C&#8220; header_5_font_size=&#8220;21px&#8220; global_colors_info=&#8220;{}&#8220;]<\/p>\n<h5 style=\"text-align: left;\"><strong>Pflanze<\/strong><\/h5>\n<ul>\n<li>Remontierende Sorte<\/li>\n<li>Favori w\u00e4chst z\u00fcgig und deswegen f\u00e4ngt die Ernte schon fr\u00fch an<\/li>\n<li>Sehr stark gegen Mehltau und Wurzelkrankheiten<span class=\"Apple-converted-space\"> <\/span><\/li>\n<li>Sehr offene Pflanz <\/li>\n<\/ul>\n<h5 style=\"text-align: left;\"><strong>Frucht<\/strong><\/h5>\n<ul>\n<li>Guter Geschmack<\/li>\n<li>Konische etwas l\u00e4ngliche Fr\u00fcchte<span class=\"Apple-converted-space\"> <\/span><\/li>\n<li>Intensive rote Fruchtfarbe<\/li>\n<li>Feste Fruchthaut<\/li>\n<li>Geeignet f\u00fcr Direktverkauf aber auch f\u00fcr den Gro\u00dfmarkt<\/li>\n<\/ul>\n<p>&nbsp;<\/p>\n<p>[\/et_pb_text][et_pb_text _builder_version=&#8220;4.23.1&#8243; _module_preset=&#8220;default&#8220; text_font=&#8220;||||on|||#8C8C8C|&#8220; text_text_color=&#8220;#8c8c8c&#8220; text_font_size=&#8220;17px&#8220; link_option_url=&#8220;https:\/\/rapo.nl\/de\/erdbeerpflanzen\/#low-chill&#8220; global_colors_info=&#8220;{}&#8220;]<\/p>\n<p>&lt; Zur\u00fcck zur Tabellen\u00fcbersicht<\/p>\n<p>[\/et_pb_text][dipi_price_list _builder_version=&#8220;4.23.1&#8243; _module_preset=&#8220;default&#8220; global_colors_info=&#8220;{}&#8220;][\/dipi_price_list][\/et_pb_column][\/et_pb_row][\/et_pb_section][et_pb_section fb_built=&#8220;1&#8243; _builder_version=&#8220;4.23.1&#8243; _module_preset=&#8220;default&#8220; background_color=&#8220;#E4F2DE&#8220; custom_padding=&#8220;15px||15px||true|false&#8220; global_colors_info=&#8220;{}&#8220;][et_pb_row _builder_version=&#8220;4.23.1&#8243; _module_preset=&#8220;default&#8220; custom_margin=&#8220;||0px||false|false&#8220; custom_padding=&#8220;||0px||false|false&#8220; global_colors_info=&#8220;{}&#8220;][et_pb_column type=&#8220;4_4&#8243; _builder_version=&#8220;4.23.1&#8243; _module_preset=&#8220;default&#8220; global_colors_info=&#8220;{}&#8220;][et_pb_text _builder_version=&#8220;4.23.1&#8243; _module_preset=&#8220;default&#8220; header_3_text_align=&#8220;center&#8220; header_3_text_color=&#8220;#0E430C&#8220; text_orientation=&#8220;center&#8220; custom_margin=&#8220;0px||0px||true|false&#8220; custom_padding=&#8220;0px||0px||true|false&#8220; global_colors_info=&#8220;{}&#8220;]<\/p>\n<h3 style=\"text-align: center;\">Weitere Informationen? Kontaktieren Sie uns! <\/h3>\n<p>[\/et_pb_text][et_pb_icon font_icon=&#8220;&#x33;||divi||400&#8243; icon_color=&#8220;#0E430C&#8220; icon_width=&#8220;57px&#8220; _builder_version=&#8220;4.23.1&#8243; _module_preset=&#8220;default&#8220; custom_margin=&#8220;0px||0px||true|false&#8220; custom_padding=&#8220;0px||0px||true|false&#8220; animation_style=&#8220;slide&#8220; animation_direction=&#8220;top&#8220; animation_duration=&#8220;1950ms&#8220; animation_intensity_slide=&#8220;6%&#8220; animation_starting_opacity=&#8220;100%&#8220; animation_speed_curve=&#8220;linear&#8220; animation_repeat=&#8220;loop&#8220; global_colors_info=&#8220;{}&#8220;][\/et_pb_icon][\/et_pb_column][\/et_pb_row][\/et_pb_section]<\/p>\n","protected":false},"excerpt":{"rendered":"<p>FavoriPflanze Remontierende Sorte Favori w\u00e4chst z\u00fcgig und deswegen f\u00e4ngt die Ernte schon fr\u00fch an Sehr stark gegen Mehltau und Wurzelkrankheiten Sehr offene Pflanz Frucht Guter Geschmack Konische etwas l\u00e4ngliche Fr\u00fcchte Intensive rote Fruchtfarbe Feste Fruchthaut Geeignet f\u00fcr Direktverkauf aber auch f\u00fcr den Gro\u00dfmarkt &nbsp;&lt; Zur\u00fcck zur Tabellen\u00fcbersicht<div class=\"et_pb_module dipi_price_list dipi_price_list_0\">\n\t\t\t\t\n\t\t\t\t\n\t\t\t\t\n\t\t\t\t\n\t\t\t\t\n\t\t\t\t\n\t\t\t\t<div class=\"et_pb_module_inner\">\n\t\t\t\t\t\r\n\t\t\t<div class=\"dipi_price_list-main show_lightbox show_lightbox_tablet show_lightbox_phone\">\r\n\t\t\t\t\r\n\t\t\t<\/div>\n\t\t\t\t<\/div>\n\t\t\t<\/div>Weitere Informationen? Kontaktieren Sie uns!<\/p>\n","protected":false},"author":3,"featured_media":0,"parent":1859,"menu_order":0,"comment_status":"closed","ping_status":"closed","template":"","meta":{"_et_pb_use_builder":"on","_et_pb_old_content":"","_et_gb_content_width":"","_monsterinsights_skip_tracking":false,"_monsterinsights_sitenote_active":false,"_monsterinsights_sitenote_note":"","_monsterinsights_sitenote_category":0,"footnotes":""},"categories":[51],"tags":[],"dipi_cpt_category":[],"class_list":["post-3033","page","type-page","status-publish","hentry","category-immertrager"],"_links":{"self":[{"href":"https:\/\/rapo.nl\/de\/wp-json\/wp\/v2\/pages\/3033","targetHints":{"allow":["GET"]}}],"collection":[{"href":"https:\/\/rapo.nl\/de\/wp-json\/wp\/v2\/pages"}],"about":[{"href":"https:\/\/rapo.nl\/de\/wp-json\/wp\/v2\/types\/page"}],"author":[{"embeddable":true,"href":"https:\/\/rapo.nl\/de\/wp-json\/wp\/v2\/users\/3"}],"replies":[{"embeddable":true,"href":"https:\/\/rapo.nl\/de\/wp-json\/wp\/v2\/comments?post=3033"}],"version-history":[{"count":5,"href":"https:\/\/rapo.nl\/de\/wp-json\/wp\/v2\/pages\/3033\/revisions"}],"predecessor-version":[{"id":3038,"href":"https:\/\/rapo.nl\/de\/wp-json\/wp\/v2\/pages\/3033\/revisions\/3038"}],"up":[{"embeddable":true,"href":"https:\/\/rapo.nl\/de\/wp-json\/wp\/v2\/pages\/1859"}],"wp:attachment":[{"href":"https:\/\/rapo.nl\/de\/wp-json\/wp\/v2\/media?parent=3033"}],"wp:term":[{"taxonomy":"category","embeddable":true,"href":"https:\/\/rapo.nl\/de\/wp-json\/wp\/v2\/categories?post=3033"},{"taxonomy":"post_tag","embeddable":true,"href":"https:\/\/rapo.nl\/de\/wp-json\/wp\/v2\/tags?post=3033"},{"taxonomy":"dipi_cpt_category","embeddable":true,"href":"https:\/\/rapo.nl\/de\/wp-json\/wp\/v2\/dipi_cpt_category?post=3033"}],"curies":[{"name":"wp","href":"https:\/\/api.w.org\/{rel}","templated":true}]}}