{"id":2272,"date":"2023-12-21T16:58:59","date_gmt":"2023-12-21T15:58:59","guid":{"rendered":"https:\/\/rapo.nl\/erdbeerpflanzen\/polka\/"},"modified":"2024-04-30T13:37:31","modified_gmt":"2024-04-30T12:37:31","slug":"polka","status":"publish","type":"page","link":"https:\/\/rapo.nl\/de\/erdbeerpflanzen\/polka\/","title":{"rendered":"Polka"},"content":{"rendered":"<p>[et_pb_section fb_built=&#8220;1&#8243; admin_label=&#8220;section&#8220; _builder_version=&#8220;4.23.1&#8243; background_color=&#8220;RGBA(255,255,255,0)&#8220; custom_margin=&#8220;||||true|false&#8220; custom_padding=&#8220;0px||0px||true|false&#8220; locked=&#8220;off&#8220; global_colors_info=&#8220;{}&#8220;][et_pb_row column_structure=&#8220;3_5,2_5&#8243; use_custom_gutter=&#8220;on&#8220; gutter_width=&#8220;2&#8243; make_equal=&#8220;on&#8220; module_class=&#8220;image_aardbei&#8220; _builder_version=&#8220;4.23.1&#8243; _module_preset=&#8220;default&#8220; background_enable_image=&#8220;off&#8220; width=&#8220;100%&#8220; max_width=&#8220;100%&#8220; min_height=&#8220;60vh&#8220; custom_margin=&#8220;0px|0px|0px|0px|false|false&#8220; custom_padding=&#8220;0px|0px|0px|0px|true|false&#8220; hover_enabled=&#8220;0&#8243; global_colors_info=&#8220;{}&#8220; sticky_enabled=&#8220;0&#8243;][et_pb_column type=&#8220;3_5&#8243; _builder_version=&#8220;4.23.1&#8243; _module_preset=&#8220;default&#8220; background_image=&#8220;https:\/\/rapo.nl\/wp-content\/uploads\/2023\/12\/Polka-uitsnede.jpg&#8220; custom_padding_tablet=&#8220;&#8220; custom_padding_phone=&#8220;130px||130px||true|false&#8220; custom_padding_last_edited=&#8220;on|phone&#8220; hover_enabled=&#8220;0&#8243; global_colors_info=&#8220;{}&#8220; title_text=&#8220;Polka uitsnede&#8220; sticky_enabled=&#8220;0&#8243;][et_pb_code _builder_version=&#8220;4.23.1&#8243; _module_preset=&#8220;default&#8220; global_colors_info=&#8220;{}&#8220;][\/et_pb_code][\/et_pb_column][et_pb_column type=&#8220;2_5&#8243; _builder_version=&#8220;4.23.1&#8243; _module_preset=&#8220;default&#8220; custom_padding_tablet=&#8220;&#8220; custom_padding_phone=&#8220;|20px||20px|false|true&#8220; custom_padding_last_edited=&#8220;on|phone&#8220; global_colors_info=&#8220;{}&#8220;][et_pb_text _builder_version=&#8220;4.23.1&#8243; _module_preset=&#8220;default&#8220; text_line_height=&#8220;1.2em&#8220; header_text_color=&#8220;#2B8928&#8243; header_font_size=&#8220;55px&#8220; header_2_font=&#8220;|300|||||||&#8220; header_2_font_size=&#8220;50px&#8220; custom_margin=&#8220;50px||50px||true|false&#8220; custom_padding=&#8220;0px||0px||true|false&#8220; custom_css_free_form=&#8220;h1, h2 {||  display: inline;||}&#8220; global_colors_info=&#8220;{}&#8220;]<\/p>\n<h1>Polka<\/h1>\n<p>[\/et_pb_text][et_pb_text _builder_version=&#8220;4.23.1&#8243; _module_preset=&#8220;default&#8220; text_font=&#8220;||||||||&#8220; text_text_color=&#8220;#0E430C&#8220; text_font_size=&#8220;15px&#8220; ul_font=&#8220;||||||||&#8220; ul_text_color=&#8220;#000000&#8243; header_font=&#8220;||||||||&#8220; header_5_font=&#8220;|800|||||||&#8220; header_5_text_align=&#8220;center&#8220; header_5_text_color=&#8220;#0E430C&#8220; header_5_font_size=&#8220;21px&#8220; global_colors_info=&#8220;{}&#8220;]<\/p>\n<h5 style=\"text-align: left;\"><strong>Pflanze<\/strong><\/h5>\n<ul>\n<li>Mittelsp\u00e4te Sorte<\/li>\n<li>Hoher Ertrag (gleichwertig mit Elsanta)<\/li>\n<li>Gute Frostbest\u00e4ndigkeit und daher in Skandinavien weit verbreitet<\/li>\n<li>Die Pflanzen sind anf\u00e4llig f\u00fcr Rote Wurzelf\u00e4ule (Phytophthore fragariae) und m\u00e4\u00dfig anf\u00e4llig f\u00fcr Rhizomf\u00e4ule (Phytophthora cactorum). Gute Krankheitsresistenz<\/li>\n<\/ul>\n<h5 style=\"text-align: left;\"><strong>Frucht<\/strong><\/h5>\n<ul>\n<li>Die Fr\u00fcchte der Sorte Polka sind gl\u00e4nzend, haben eine intensive dunkelrote Farbe und rotes Fruchtfleisch<\/li>\n<li>Die Erdbeeren haben ein angenehmes s\u00fc\u00df-s\u00e4uerliches Erdbeeraroma<\/li>\n<li>Der Geschmack von Polka ist sehr gut und die Fr\u00fcchte sind fest. Die konischen Fr\u00fcchte sind mittelgro\u00df und nehmen langsam an Gr\u00f6\u00dfe ab<\/li>\n<li>Sehr gut f\u00fcr die Herstellung von Marmelade und Saft geeignet<\/li>\n<li>Die Fr\u00fcchte der Polka sind anf\u00e4llig f\u00fcr Grauschimmelf\u00e4ule (Botrytis cinerea)<\/li>\n<\/ul>\n<p>&nbsp;<\/p>\n<p>[\/et_pb_text][et_pb_text _builder_version=&#8220;4.23.1&#8243; _module_preset=&#8220;default&#8220; text_font=&#8220;||||on|||#8C8C8C|&#8220; text_text_color=&#8220;#8c8c8c&#8220; text_font_size=&#8220;17px&#8220; link_option_url=&#8220;https:\/\/rapo.nl\/de\/erdbeerpflanzen\/#low-chill&#8220; global_colors_info=&#8220;{}&#8220;]<\/p>\n<p>&lt; Zur\u00fcck zur Tabellen\u00fcbersicht<\/p>\n<p>[\/et_pb_text][dipi_price_list _builder_version=&#8220;4.23.1&#8243; _module_preset=&#8220;default&#8220; global_colors_info=&#8220;{}&#8220;][\/dipi_price_list][\/et_pb_column][\/et_pb_row][\/et_pb_section][et_pb_section fb_built=&#8220;1&#8243; _builder_version=&#8220;4.23.1&#8243; _module_preset=&#8220;default&#8220; background_color=&#8220;#E4F2DE&#8220; custom_padding=&#8220;15px||15px||true|false&#8220; global_colors_info=&#8220;{}&#8220;][et_pb_row _builder_version=&#8220;4.23.1&#8243; _module_preset=&#8220;default&#8220; custom_margin=&#8220;||0px||false|false&#8220; custom_padding=&#8220;||0px||false|false&#8220; global_colors_info=&#8220;{}&#8220;][et_pb_column type=&#8220;4_4&#8243; _builder_version=&#8220;4.23.1&#8243; _module_preset=&#8220;default&#8220; global_colors_info=&#8220;{}&#8220;][et_pb_text _builder_version=&#8220;4.23.1&#8243; _module_preset=&#8220;default&#8220; header_3_text_align=&#8220;center&#8220; header_3_text_color=&#8220;#0E430C&#8220; text_orientation=&#8220;center&#8220; custom_margin=&#8220;0px||0px||true|false&#8220; custom_padding=&#8220;0px||0px||true|false&#8220; global_colors_info=&#8220;{}&#8220;]<\/p>\n<h3 style=\"text-align: center;\">Mehr Informationen? Kontaktiere uns!<\/h3>\n<p>[\/et_pb_text][et_pb_icon font_icon=&#8220;&#x33;||divi||400&#8243; icon_color=&#8220;#0E430C&#8220; icon_width=&#8220;57px&#8220; _builder_version=&#8220;4.23.1&#8243; _module_preset=&#8220;default&#8220; custom_margin=&#8220;0px||0px||true|false&#8220; custom_padding=&#8220;0px||0px||true|false&#8220; animation_style=&#8220;slide&#8220; animation_direction=&#8220;top&#8220; animation_duration=&#8220;1950ms&#8220; animation_intensity_slide=&#8220;6%&#8220; animation_starting_opacity=&#8220;100%&#8220; animation_speed_curve=&#8220;linear&#8220; animation_repeat=&#8220;loop&#8220; global_colors_info=&#8220;{}&#8220;][\/et_pb_icon][\/et_pb_column][\/et_pb_row][\/et_pb_section]<\/p>\n","protected":false},"excerpt":{"rendered":"<p>PolkaPflanze Mittelsp\u00e4te Sorte Hoher Ertrag (gleichwertig mit Elsanta) Gute Frostbest\u00e4ndigkeit und daher in Skandinavien weit verbreitet Die Pflanzen sind anf\u00e4llig f\u00fcr Rote Wurzelf\u00e4ule (Phytophthore fragariae) und m\u00e4\u00dfig anf\u00e4llig f\u00fcr Rhizomf\u00e4ule (Phytophthora cactorum). Gute Krankheitsresistenz Frucht Die Fr\u00fcchte der Sorte Polka sind gl\u00e4nzend, haben eine intensive dunkelrote Farbe und rotes Fruchtfleisch Die Erdbeeren haben ein angenehmes [&hellip;]<\/p>\n","protected":false},"author":1,"featured_media":1634,"parent":1859,"menu_order":0,"comment_status":"closed","ping_status":"closed","template":"","meta":{"_et_pb_use_builder":"on","_et_pb_old_content":"","_et_gb_content_width":"","_monsterinsights_skip_tracking":false,"_monsterinsights_sitenote_active":false,"_monsterinsights_sitenote_note":"","_monsterinsights_sitenote_category":0,"footnotes":""},"categories":[48],"tags":[],"dipi_cpt_category":[],"class_list":["post-2272","page","type-page","status-publish","has-post-thumbnail","hentry","category-mittelfruh"],"_links":{"self":[{"href":"https:\/\/rapo.nl\/de\/wp-json\/wp\/v2\/pages\/2272","targetHints":{"allow":["GET"]}}],"collection":[{"href":"https:\/\/rapo.nl\/de\/wp-json\/wp\/v2\/pages"}],"about":[{"href":"https:\/\/rapo.nl\/de\/wp-json\/wp\/v2\/types\/page"}],"author":[{"embeddable":true,"href":"https:\/\/rapo.nl\/de\/wp-json\/wp\/v2\/users\/1"}],"replies":[{"embeddable":true,"href":"https:\/\/rapo.nl\/de\/wp-json\/wp\/v2\/comments?post=2272"}],"version-history":[{"count":5,"href":"https:\/\/rapo.nl\/de\/wp-json\/wp\/v2\/pages\/2272\/revisions"}],"predecessor-version":[{"id":2277,"href":"https:\/\/rapo.nl\/de\/wp-json\/wp\/v2\/pages\/2272\/revisions\/2277"}],"up":[{"embeddable":true,"href":"https:\/\/rapo.nl\/de\/wp-json\/wp\/v2\/pages\/1859"}],"wp:featuredmedia":[{"embeddable":true,"href":"https:\/\/rapo.nl\/de\/wp-json\/wp\/v2\/media\/1634"}],"wp:attachment":[{"href":"https:\/\/rapo.nl\/de\/wp-json\/wp\/v2\/media?parent=2272"}],"wp:term":[{"taxonomy":"category","embeddable":true,"href":"https:\/\/rapo.nl\/de\/wp-json\/wp\/v2\/categories?post=2272"},{"taxonomy":"post_tag","embeddable":true,"href":"https:\/\/rapo.nl\/de\/wp-json\/wp\/v2\/tags?post=2272"},{"taxonomy":"dipi_cpt_category","embeddable":true,"href":"https:\/\/rapo.nl\/de\/wp-json\/wp\/v2\/dipi_cpt_category?post=2272"}],"curies":[{"name":"wp","href":"https:\/\/api.w.org\/{rel}","templated":true}]}}